{"id":745,"date":"2021-10-06T11:32:16","date_gmt":"2021-10-06T09:32:16","guid":{"rendered":"https:\/\/www.aalborg-hotel.fr\/?page_id=745"},"modified":"2023-02-17T10:39:39","modified_gmt":"2023-02-17T09:39:39","slug":"hotel-2-alpes","status":"publish","type":"page","link":"https:\/\/www.aalborg-hotel.fr\/de\/hotel-2-alpes\/","title":{"rendered":"Rechtliche Informationen"},"content":{"rendered":"<div data-elementor-type=\"wp-page\" data-elementor-id=\"745\" class=\"elementor elementor-745\" data-elementor-post-type=\"page\">\n\t\t\t\t\t\t<section class=\"elementor-section elementor-top-section elementor-element elementor-element-3caf7be elementor-section-boxed elementor-section-height-default elementor-section-height-default\" data-id=\"3caf7be\" data-element_type=\"section\" data-e-type=\"section\" data-settings=\"{&quot;_ob_glider_is_slider&quot;:&quot;no&quot;}\">\n\t\t\t\t\t\t<div class=\"elementor-container elementor-column-gap-default\">\n\t\t\t\t\t<div class=\"elementor-column elementor-col-100 elementor-top-column elementor-element elementor-element-a8dfab7\" data-id=\"a8dfab7\" data-element_type=\"column\" data-e-type=\"column\" data-settings=\"{&quot;_ob_column_hoveranimator&quot;:&quot;no&quot;,&quot;_ob_column_has_pseudo&quot;:&quot;no&quot;}\">\n\t\t\t<div class=\"elementor-widget-wrap elementor-element-populated\">\n\t\t\t\t\t\t<div class=\"elementor-element elementor-element-3c15055 ob-harakiri-inherit ob-has-background-overlay elementor-widget elementor-widget-heading\" data-id=\"3c15055\" data-element_type=\"widget\" data-e-type=\"widget\" data-settings=\"{&quot;_ob_use_harakiri&quot;:&quot;yes&quot;,&quot;_ob_harakiri_writing_mode&quot;:&quot;inherit&quot;,&quot;_ob_harakiri_text_clip&quot;:&quot;none&quot;,&quot;_ob_widget_stalker_use&quot;:&quot;no&quot;,&quot;_ob_poopart_use&quot;:&quot;yes&quot;,&quot;_ob_shadough_use&quot;:&quot;no&quot;,&quot;_ob_allow_hoveranimator&quot;:&quot;no&quot;}\" data-widget_type=\"heading.default\">\n\t\t\t\t<div class=\"elementor-widget-container\">\n\t\t\t\t\t<h2 class=\"elementor-heading-title elementor-size-default\">Rechtliche Informationen<\/h2>\t\t\t\t<\/div>\n\t\t\t\t<\/div>\n\t\t\t\t<div class=\"elementor-element elementor-element-d8dfca9 ob-harakiri-inherit ob-has-background-overlay elementor-widget elementor-widget-text-editor\" data-id=\"d8dfca9\" data-element_type=\"widget\" data-e-type=\"widget\" data-settings=\"{&quot;_ob_use_harakiri&quot;:&quot;yes&quot;,&quot;_ob_harakiri_writing_mode&quot;:&quot;inherit&quot;,&quot;_ob_postman_use&quot;:&quot;no&quot;,&quot;_ob_widget_stalker_use&quot;:&quot;no&quot;,&quot;_ob_poopart_use&quot;:&quot;yes&quot;,&quot;_ob_shadough_use&quot;:&quot;no&quot;,&quot;_ob_allow_hoveranimator&quot;:&quot;no&quot;}\" data-widget_type=\"text-editor.default\">\n\t\t\t\t<div class=\"elementor-widget-container\">\n\t\t\t\t\t\t\t\t\t<p><b><b style=\"color: var( --e-global-color-text ); font-size: 1rem;\">Name der Betreibergesellschaft : <\/b><\/b><span style=\"color: var( --e-global-color-text ); font-size: 1rem;\">Hotel Aalborg<\/span><br \/><b style=\"color: var( --e-global-color-text ); font-size: 1rem;\">Anschrift des eingetragenen Sitzes:<\/b> <span style=\"color: var( --e-global-color-text ); font-size: 1rem;\">5 rue de t\u00eate Moute 38860 Mont-de-Lans<\/span><span style=\"color: var( --e-global-color-text ); font-size: 1rem;\"><br \/><\/span><b style=\"color: var( --e-global-color-text ); font-size: 1rem;\">E-Mail: <\/b><span style=\"color: var( --e-global-color-text ); font-size: 1rem;\">contact@aalborg-hotel.info<br \/><\/span><b style=\"color: var( --e-global-color-text ); font-size: 1rem;\">Telefon : <\/b><span style=\"color: var( --e-global-color-text ); font-size: 1rem;\">+ 33 (0)4 76 80 54 11<br \/><\/span><b style=\"color: var( --e-global-color-text ); font-size: 1rem;\">Grundkapital : <\/b><span style=\"color: var( --e-global-color-text ); font-size: 1rem;\">76 224,51 \u20ac<br \/><\/span><b style=\"color: var( --e-global-color-text ); font-size: 1rem;\">Individuelle Umsatzsteuer-Identifikationsnummer : <\/b><span style=\"color: var( --e-global-color-text ); font-size: 1rem;\">FR54300642881<br \/><\/span><b style=\"color: var( --e-global-color-text ); font-size: 1rem;\">RCS-Nummer: <\/b><span style=\"color: var( --e-global-color-text ); font-size: 1rem;\">300 642 881 RCS GRENOBLE\u00a0<br \/><\/span><b style=\"color: var( --e-global-color-text ); font-size: 1rem;\">Siret Nummer : <\/b><span style=\"color: var( --e-global-color-text ); font-size: 1rem;\">300.642.881.00019<br \/><strong>Diese Website wird gehostet von :<\/strong> Group Dis 28, rue des Arts, 59800 Lille (03 20 09 11 68)<br \/><br \/><br \/><\/span><b style=\"color: var( --e-global-color-text ); font-size: 1rem;\"><\/b><\/p><h2 style=\"margin-top: 20px; text-align: left;\">Verantwortung<\/h2><p>Durch den Zugriff auf diese Website werden Sie dar\u00fcber informiert, dass die Nutzung des Internets die Einhaltung einer Reihe von Gesetzen erfordert, die insbesondere das Urheberrecht und das Datenschutzgesetz betreffen. SASU Grand Hotel de Courtoisville und ELIOPHOT k\u00f6nnen nicht f\u00fcr eventuelle Fehler oder Auslassungen verantwortlich gemacht werden, und der Herausgeber beh\u00e4lt sich au\u00dferdem das Recht vor, die Daten auf der Website jederzeit zu \u00e4ndern und zu aktualisieren.<\/p><h2 style=\"margin-top: 20px; text-align: left;\">Urheberrecht<\/h2><p>In Anwendung des franz\u00f6sischen Gesetzes \u00fcber geistiges Eigentum ist die Vervielf\u00e4ltigung zu anderen als privaten Zwecken, der Verkauf, die Verbreitung, die Ver\u00f6ffentlichung, die Anpassung oder die vollst\u00e4ndige oder teilweise Weitergabe der Daten (Pr\u00e4sentation, Layout der Website, Fotos, Texte und Illustrationen, die urheberrechtlich gesch\u00fctzt sind) nur nach vorheriger schriftlicher Genehmigung durch die oben genannten Rechteinhaber gestattet.<\/p><h2 style=\"margin-top: 20px; text-align: left;\">Informationstechnologie und b\u00fcrgerliche Freiheiten<\/h2><p>Jeder Nutzer, der direkt oder indirekt personenbezogene Daten \u00fcbermittelt hat, hat gem\u00e4\u00df dem Gesetz Nr. 7817 vom 6\/01\/78 (Informatik und Freiheiten) ein Recht auf Zugang und Berichtigung gegen\u00fcber dem Administrator der Website.<\/p><h2 style=\"margin-top: 20px; text-align: left;\">Schutz von personenbezogenen Daten<\/h2><h3>Identit\u00e4t des f\u00fcr die Verarbeitung Verantwortlichen<\/h3><p>Die Website wird von der Betreibergesellschaft ver\u00f6ffentlicht, deren Kontaktdaten oben angegeben sind.<br \/>Der Zugang zur Website und die Nutzung ihrer Inhalte unterliegen den nachstehend beschriebenen Nutzungsbedingungen.<\/p><h3>Art der personenbezogenen Daten<\/h3><p>Personenbezogene Daten\" sind alle personenbezogenen Daten, die Sie der Betreibergesellschaft mitteilen und die es der Betreibergesellschaft direkt oder indirekt erm\u00f6glichen, Sie als nat\u00fcrliche Person zu identifizieren, z. B. beim Besuch der Website, bei der Anforderung von Informationen, bei der Buchung eines Zimmers und bei anderen Dienstleistungen.<\/p><h3>Die gesammelten pers\u00f6nlichen Daten<\/h3><p>Sie werden m\u00f6glicherweise aufgefordert, Ihre pers\u00f6nlichen Daten anzugeben, wenn Sie die Website der Betreibergesellschaft besuchen.<\/p><p>Der obligatorische oder fakultative Charakter der angeforderten Informationen wird zum Zeitpunkt der Erhebung durch ein Sternchen \"*\" gekennzeichnet. Die mit einem Sternchen versehenen Angaben sind obligatorisch, da sie f\u00fcr die Bearbeitung Ihrer verschiedenen Anfragen unerl\u00e4sslich sind. Die anderen Informationen dienen dazu, Sie besser kennen zu lernen und die Ihnen angebotenen Dienstleistungen zu verbessern. Sie ist daher fakultativ.<\/p><p>Die Betreibergesellschaft erfasst und verarbeitet Ihren Namen, Vornamen, Ihre E-Mail-Adresse, Rechnungsadresse, Telefonnummer, IP-Adresse, Verbindungs- und Navigationsdaten, Ihre Pr\u00e4ferenzen und Interessen (Nichtraucherzimmer, bevorzugtes Zimmer, Art des Aufenthalts usw.), Ihre Online-Bewertungen.<\/p><h3>Wann werden Ihre personenbezogenen Daten erhoben?<\/h3><ul><li>Sie browsen auf der Website (IP-Adresse und Cookies) und konsultieren Produkte oder Dienstleistungen;<\/li><li>Sie \u00fcbermitteln der Betreibergesellschaft Ihre Beobachtungen\/Kommentare in bestimmten Bereichen, \u00fcber Frageb\u00f6gen oder Kontaktformulare, offizielle Seite der sozialen Netzwerke der Betreibergesellschaft;<\/li><li>Sie senden der Betreibergesellschaft eine E-Mail;<\/li><li>Sie tragen sich in den Verteiler f\u00fcr den Newsletter ein;<\/li><li>Sie teilen eine Seite oder ein Angebot per E-Mail oder \u00fcber ein soziales Netzwerk;<\/li><li>Sie beantworten einen Fragebogen zur Zufriedenheit;<\/li><li>Sie stellen eine Anfrage f\u00fcr ein Angebot.<\/li><\/ul><h3>Speicherung von Daten<\/h3><p>Die erfassten Informationen werden in unseren verschiedenen Reservierungssystemen in sicheren, SSL-zertifizierten Datenbanken gespeichert.<\/p><p>Diese Datenbank enth\u00e4lt: Namen, Adressen, Telefonnummern, Positionen, Firmennamen und Kreditkartendaten der G\u00e4ste. Wir k\u00f6nnen auch andere Informationen aufzeichnen, wie z. B. Ihre Zimmer-, Essens-, Getr\u00e4nke- und sonstigen Servicevorlieben sowie Ihre bisherigen Erfahrungen mit uns.<\/p><h3>Zweck der Datenerhebung durch die Betreibergesellschaft<\/h3><p>\u00dcber die Website sammelt die Betreibergesellschaft Daten \u00fcber Sie, die f\u00fcr die folgenden Zwecke unbedingt erforderlich sind:<\/p><ol><li>Um Ihre Informationsanfragen und Reservierungen sowie eventuelle Treueprogramme zu verwalten;<\/li><li>Zur Verbesserung und Personalisierung der Dienstleistungen der Betreibergesellschaft, um Ihnen die Navigation auf der Website zu erleichtern;<\/li><li>Verwaltung und \u00dcberwachung der gesamten Kundenbeziehung;<\/li><li>Verwalten Sie die Anmeldung zu den Nachrichten und Werbeangeboten der Betreibergesellschaft (Newsletter);<\/li><li>Bearbeitung aller Ihrer Antr\u00e4ge auf Zugang zu den Daten in \u00dcbereinstimmung mit den geltenden Rechtsvorschriften;<\/li><li>Verwaltung unbezahlter Rechnungen und Streitigkeiten;<\/li><li>Verwaltung von Bewerbungsanfragen im Rahmen von Stellenangeboten des Unternehmens, auf die Sie aufmerksam geworden sind, oder von Initiativbewerbungen;<\/li><li>Messung von Qualit\u00e4t und Zufriedenheit.<\/li><\/ol><p>Wenn Sie die erforderlichen Angaben nicht machen, kann Ihr Antrag nicht bearbeitet werden.<\/p><h2 style=\"margin-top: 20px; text-align: left;\">Verpflichtungen der Betreibergesellschaft zum Schutz personenbezogener Daten<\/h2><h3>Transparenz und Zielsetzung :<\/h3><p>Es werden keine personenbezogenen Daten ohne Ihr Wissen erhoben oder gespeichert. Der fakultative oder obligatorische Charakter der Informationen, die der Betreibergesellschaft im Rahmen der auf der Website durchgef\u00fchrten Erfassung mitzuteilen sind, wird Ihnen zuvor durch das Vorhandensein des Sternchensymbols \"*\" angezeigt. Die Betreibergesellschaft erhebt und verarbeitet Ihre personenbezogenen Daten ausschlie\u00dflich zu den in diesem rechtlichen Hinweis beschriebenen Zwecken.<\/p><h3>Verh\u00e4ltnism\u00e4\u00dfigkeit und Relevanz :<\/h3><p>Die Betreibergesellschaft erhebt und verarbeitet nur die personenbezogenen Daten, die f\u00fcr die ordnungsgem\u00e4\u00dfe Bearbeitung Ihrer Anfrage oder f\u00fcr die Personalisierung der Ihnen angebotenen Dienste erforderlich sind.<\/p><h3>Datenspeicherzeit :<\/h3><p>Die Betreibergesellschaft bewahrt Ihre personenbezogenen Daten nur so lange auf, wie es f\u00fcr die Verarbeitung in \u00dcbereinstimmung mit dem geltenden Recht erforderlich ist.<\/p><h3>Sicherheit und Datenschutz :<\/h3><p>Der Betreiber verpflichtet sich, die notwendigen Ma\u00dfnahmen zu ergreifen, um die Vertraulichkeit der Daten zu gew\u00e4hrleisten und sie nicht an unbefugte Dritte weiterzugeben.<\/p><p>Wir k\u00f6nnen Ihre pers\u00f6nlichen Daten an lokale Beh\u00f6rden weitergeben, wenn dies gesetzlich vorgeschrieben ist oder im Rahmen einer Untersuchung und in \u00dcbereinstimmung mit den lokalen Vorschriften.<\/p><p>Wie bei den meisten Websites werden bestimmte Informationen automatisch \u00fcber ein Protokoll aufgezeichnet. Zu diesen Informationen geh\u00f6ren Protokolladressen (IP-Adresse), Art des verwendeten Browsers, Internetdienstanbieter, Verweis- und Endseiten, Betriebssystem, Datum, Uhrzeit und Clickstream-Daten.<\/p><p>Cookies speichern keine Informationen, die von Nutzern w\u00e4hrend einer Online-Buchung oder bei der Registrierung f\u00fcr ein Kundenkonto angegeben werden. Cookies identifizieren Ihren Browser und nicht Sie selbst und k\u00f6nnen Ihre Identit\u00e4t nicht aufdecken.<\/p><h3>Respektieren Sie Ihre Rechte :<\/h3><p>Sie werden \u00fcber Ihre Rechte auf Abfrage, Zugang, Berichtigung und Widerspruch aus legitimen Gr\u00fcnden sowie \u00fcber Ihr Recht, sich der kommerziellen Prospektion zu widersetzen, gem\u00e4\u00df den Bestimmungen des Gesetzes Nr. 78-17 vom 6. Januar 1978 informiert.<\/p><h3>Recht auf Auskunft, Berichtigung und Widerspruch :<\/h3><p>Gem\u00e4\u00df dem Gesetz Nr. 78-17 vom 6. Januar 1978 \u00fcber die Verarbeitung von Daten, Dateien und Freiheiten verf\u00fcgen Sie auf einfachen schriftlichen Antrag \u00fcber ein Recht auf Zugang und Berichtigung der Sie betreffenden Informationen.<br \/>Sie k\u00f6nnen auch aus berechtigten Gr\u00fcnden Widerspruch gegen die Verarbeitung Ihrer Daten einlegen.<\/p><p>Um eines dieser Rechte auszu\u00fcben und Informationen \u00fcber Sie zu erhalten, wenden Sie sich einfach an die Betreibergesellschaft, deren Kontaktdaten am Anfang dieses rechtlichen Hinweises aufgef\u00fchrt sind.<\/p><h2 style=\"margin-top: 20px; text-align: left;\">Cookies<\/h2><p>Beim Besuch der Website k\u00f6nnen bestimmte Informationen, die sich auf die Navigation Ihres Endger\u00e4ts beziehen, in so genannten \"Cookies\" gespeichert werden, die auf Ihrem Endger\u00e4t installiert sind, vorbehaltlich der von Ihnen getroffenen Auswahl bez\u00fcglich der Cookies, die Sie jederzeit \u00e4ndern k\u00f6nnen.<\/p><p>Ein Cookie ist eine kleine Textdatei, die an einem bestimmten Ort auf der Festplatte Ihres Endger\u00e4ts gespeichert wird, wenn Sie einen Online-Dienst \u00fcber Ihren Browser aufrufen. Es erm\u00f6glicht seinem Aussteller, das Endger\u00e4t, in dem es gespeichert ist, w\u00e4hrend der G\u00fcltigkeitsdauer oder Speicherung des Cookies zu identifizieren.<\/p><p>Die von der Betreibergesellschaft gesetzten Cookies werden zu den unten beschriebenen Zwecken verwendet, und zwar f\u00fcr die Dauer der G\u00fcltigkeit des betreffenden Cookies, vorbehaltlich Ihrer Entscheidungen, die sich aus den Einstellungen Ihrer Browser-Software ergeben, die Sie w\u00e4hrend Ihres Besuchs auf der Website verwenden und die Sie jederzeit \u00e4ndern k\u00f6nnen.<\/p><p>Cookies von Partnerunternehmen (Drittanbieter-Cookies) k\u00f6nnen \u00fcber die Seiten der Website auf Ihrem Computer abgelegt werden<\/p><p>Nur der Absender eines Cookies kann die darin enthaltenen Informationen lesen oder \u00e4ndern.<\/p><p>Auf der Website werden verschiedene Arten von Cookies f\u00fcr unterschiedliche Zwecke verwendet. Einige sind f\u00fcr die Nutzung der Website erforderlich.<\/p><h3>Analytische Cookies<\/h3><p>Dies sind die Cookies, die es der Betreiberfirma erm\u00f6glichen, :<\/p><ul><li>um Statistiken zu erstellen und die verschiedenen Elemente, aus denen die Website besteht (besuchte Bereiche und Inhalte, Pfad), zu ermitteln, um die angebotene Browsererfahrung zu verbessern;<\/li><li>die Gesamtzahl der von ihm auf seinen Werbefl\u00e4chen angezeigten Anzeigen zu z\u00e4hlen, diese Anzeigen zu identifizieren, die Anzahl der Anzeigen, die Anzahl der Klicks und die Navigationsinformationen.<\/li><\/ul><p style=\"margin-left: 3.3pt;\"><u>Beispiel f\u00fcr analytische Cookies<\/u><\/p><ul><li>Analytik: Aufzeichnung von Navigationsdaten<\/li><li>utm Analytics: Aufzeichnung von Browsing-Daten<\/li><li>Kampagne: Aufzeichnung von Browsing-Daten aus Werbekampagnen<\/li><\/ul><h3>Cookies und Plug-ins f\u00fcr soziale Netzwerke (soziale Schaltfl\u00e4chen)<\/h3><p>Die Betreibergesellschaft kann auf der Website Instrumente f\u00fcr den Austausch von Inhalten mit anderen Personen oder f\u00fcr die Mitteilung Ihrer Konsultation oder Ihrer Meinung zu Inhalten auf unserer Website an diese anderen Personen bereitstellen. Dies gilt insbesondere f\u00fcr die Schaltfl\u00e4chen \"Teilen\" und \"Gef\u00e4llt mir\" von sozialen Netzwerken wie Facebook, Twitter usw.<\/p><p>Die Betreiberfirma hat keine Kontrolle \u00fcber das von den folgenden sozialen Netzwerken verwendete Verfahren zur Sammlung von Informationen:<\/p><ul><li>Facebook Connect: Melden Sie sich mit Ihrem Facebook-Konto an;<\/li><li>Facebook Social Graph: Freigabe der Seite auf Facebook;<\/li><li>Pinterest: Teilen Sie die Seite auf Pinterest;<\/li><li>Linkedin: Teilen Sie die Seite auf Linkedin;<\/li><li>Instagram: Teilen Sie die Seite auf Instagram.<\/li><\/ul><h3>Cookies und Maschinenidentifikatoren f\u00fcr sichere Transaktionen<\/h3><p>Wir informieren Sie dar\u00fcber, dass die Betreibergesellschaft oder die von ihr beauftragten Dienstleister w\u00e4hrend Ihrer Bestellung Cookies platzieren oder Informationen \u00fcber Ihr Endger\u00e4t sammeln k\u00f6nnen, insbesondere die Informationen (technische Sicherheitsmerkmale), die f\u00fcr die Erkennung des Ger\u00e4ts (Computer, Tablet oder Mobiltelefon) erforderlich sind, um Ihr Ger\u00e4t zu identifizieren und die Transaktionen in Ihrem Interesse zu sichern.<\/p><h3>Werbe-Cookies<\/h3><p>Die auf den Werbefl\u00e4chen der Betreibergesellschaft angezeigten Werbeinhalte (Grafiken, Animationen, Videos usw.) k\u00f6nnen Cookies von Dritten enthalten, die es erm\u00f6glichen, w\u00e4hrend der G\u00fcltigkeitsdauer der Cookies die Klicks zu z\u00e4hlen, aber auch, Ihnen je nach Ihrem Surfverhalten, Ihren Interessenschwerpunkten und Vorlieben die am besten geeignete Werbung anzubieten.<\/p><p>Die Ablehnung von Werbe-Cookies hat keine Auswirkungen auf die Nutzung der Website und f\u00fchrt nicht dazu, dass die Werbung auf der Website oder im Internet eingestellt wird. Sie f\u00fchrt lediglich dazu, dass Ihnen Werbung angezeigt wird, die Ihre Interessen oder Vorlieben nicht ber\u00fccksichtigt.<\/p><p>Diese Cookies h\u00e4ngen haupts\u00e4chlich von den Werbeagenturen ab. Wir k\u00f6nnen sie nicht ersch\u00f6pfend aufz\u00e4hlen:<\/p><ul><li>AdWords: Kauf von gesponserten Schl\u00fcsselw\u00f6rtern, die bei Google angezeigt werden<\/li><li>Benutzerdefinierte Facebook-Zielgruppe<\/li><li>gezielte Werbung: Aufzeichnung des Browsingpfads<\/li><\/ul><h3>Gezielte Werbung<\/h3><p>Die Website kann Cookies enthalten, die von Dritten (Agenturen und Werbetools) ausgestellt werden und es ihnen erm\u00f6glichen, w\u00e4hrend der G\u00fcltigkeitsdauer des Cookies Navigationsdaten zu sammeln, die sich auf Ger\u00e4te beziehen, die sich mit unseren Websites verbinden, aber auch, um Ihnen Werbeinhalte anzubieten, die wahrscheinlich Ihrer vorherigen Navigation auf der Website entsprechen.<\/p><p>Diese Datenerfassung erlaubt es diesen Dienstleistern unter keinen Umst\u00e4nden, Sie pers\u00f6nlich zu identifizieren. Ihr Name, Vorname, Benutzername, Ihre Postanschrift, E-Mail-Adresse und Ihr Passwort werden niemals ohne Ihre vorherige und ausdr\u00fcckliche Zustimmung an Dritte weitergegeben.<\/p><h3>Ihre Wahlm\u00f6glichkeiten in Bezug auf Cookies<\/h3><p>Sie haben mehrere M\u00f6glichkeiten, Cookies zu verwalten. Die von Ihnen vorgenommenen Einstellungen k\u00f6nnen Ihre F\u00e4higkeit beeintr\u00e4chtigen, im Internet zu surfen und auf bestimmte Dienste zuzugreifen, die die Verwendung von Cookies erfordern.<\/p><h3>Die M\u00f6glichkeiten, die Sie \u00fcber Ihren Browser haben<\/h3><p>Sie k\u00f6nnen Ihren Internet-Browser (Google Chrome, Internet Explorer, Mozilla Firefox usw.) so einstellen, dass Cookies auf Ihrem Endger\u00e4t gespeichert oder abgelehnt werden.<\/p><h3>Ablehnung von Cookies<\/h3><p>Wenn Sie die Annahme von Cookies verweigern, sind bestimmte Funktionen wie die Identifizierung\/Verbindung zu Ihrem pers\u00f6nlichen Bereich, die Anpassung Ihrer Navigation (z. B. Wahl der bevorzugten Sprache) nicht mehr verf\u00fcgbar.<\/p><p>Die Betreibergesellschaft lehnt jede Verantwortung f\u00fcr die Folgen ab, die mit der Beeintr\u00e4chtigung ihrer Dienste und Funktionalit\u00e4ten aufgrund der Ablehnung des Cookies verbunden sind.<\/p><h3>Wie \u00fcben Sie Ihre Wahlm\u00f6glichkeiten aus, je nachdem, welchen Browser Sie verwenden?<\/h3><p>Jeder Browser hat eine andere Konfiguration f\u00fcr die Verwaltung von Cookies und Ihre Wahlm\u00f6glichkeiten. Dies wird im Hilfemen\u00fc Ihres Browsers beschrieben, wo Sie erfahren, wie Sie Ihre Cookie-Einstellungen \u00e4ndern k\u00f6nnen.<\/p><p><u>F\u00fcr Internet Explorer\u2122 :<\/u><\/p><p><a href=\"https:\/\/support.microsoft.com\/fr-fr\/help\/17442\/windows-internet-explorer-delete-manage-cookies\" target=\"_blank\" rel=\"noopener nofollow\">https:\/\/support.microsoft.com\/fr-fr\/help\/17442\/windows-internet-explorer-delete-manage-cookies<\/a><br \/>oder<\/p><p>Klicken Sie im Internet Explorer auf die Schaltfl\u00e4che Extras und dann auf Internetoptionen. Klicken Sie auf der Registerkarte Allgemein unter Browserverlauf auf Einstellungen. Klicken Sie auf die Schaltfl\u00e4che Dateien anzeigen. Klicken Sie auf die Spalten\u00fcberschrift Name, um alle Dateien alphabetisch zu sortieren, und bl\u00e4ttern Sie dann in der Liste nach unten, bis Sie Dateien sehen, die mit dem Pr\u00e4fix \"Cookie\" beginnen (alle Cookies haben dieses Pr\u00e4fix und enthalten in der Regel den Namen der Website, die das Cookie erstellt hat). W\u00e4hlen Sie das\/die Cookie(s), das\/die den Namen der Betreibergesellschaft enth\u00e4lt\/enthalten, und l\u00f6schen Sie es\/sie. Schlie\u00dfen Sie das Fenster mit der Liste der Dateien und doppelklicken Sie auf OK, um zum Internet Explorer zur\u00fcckzukehren.<\/p><p><u>F\u00fcr Safari\u2122:<\/u><\/p><p><a href=\"https:\/\/support.apple.com\/fr-fr\/guide\/safari\/sfri11471\/mac\" target=\"_blank\" rel=\"noopener nofollow\">https:\/\/support.apple.com\/fr-fr\/guide\/safari\/sfri11471\/mac<\/a><br \/>Oder<br \/>W\u00e4hlen Sie in Ihrem Browser Bearbeiten &gt; Voreinstellungen. Klicken Sie auf Sicherheit. Klicken Sie auf Cookies anzeigen. W\u00e4hlen Sie die Cookies aus, die den Namen der Betreiberfirma enthalten, und klicken Sie auf L\u00f6schen oder Alle l\u00f6schen. Nachdem Sie die Cookies gel\u00f6scht haben, klicken Sie auf \"Fertig\".<\/p><p><u>F\u00fcr Chrome\u2122:<\/u><\/p><p><a href=\"https:\/\/support.google.com\/chrome\/bin\/answer.py?hl=fr&amp;hlrm=en&amp;answer=95647\" target=\"_blank\" rel=\"noopener nofollow\"><em>https:\/\/support.google.com\/chrome\/bin\/answer.py?hl=fr&amp;hlrm=en&amp;answer=95647<\/em><\/a><br \/>Oder<br \/>\u00d6ffnen Sie Google Chrome. Klicken Sie in der Browser-Symbolleiste auf Mehr. Bewegen Sie den Cursor auf Weitere Tools und klicken Sie auf Browsing-Daten l\u00f6schen. Aktivieren Sie im Fenster Browsing-Daten l\u00f6schen die Kontrollk\u00e4stchen Cookies und Daten von anderen Websites oder Plug-ins und Bilder und Dateien im Cache. Verwenden Sie das Men\u00fc oben, um die Datenmenge auszuw\u00e4hlen, die Sie l\u00f6schen m\u00f6chten. W\u00e4hlen Sie Von Anfang an, um alles zu l\u00f6schen. Klicken Sie auf Browsing-Daten l\u00f6schen.<\/p><p><u>F\u00fcr Firefox\u2122:<\/u><\/p><p><a href=\"https:\/\/support.mozilla.org\/fr\/kb\/Activer%20et%20d%C3%A9sactiver%20les%20cookies\" target=\"_blank\" rel=\"noopener nofollow\"><em>https:\/\/support.mozilla.org\/fr\/kb\/Activer%20et%20d%C3%A9sactiver%20les%20cookies<\/em><\/a><br \/>Oder<br \/>Gehen Sie auf die Registerkarte \"Extras\" des Browsers und w\u00e4hlen Sie das Men\u00fc \"Optionen\". W\u00e4hlen Sie in dem nun erscheinenden Fenster \"Datenschutz\" und klicken Sie auf \"Bestimmte Cookies l\u00f6schen\". Suchen Sie die Dateien, die den Namen der Betreiberfirma enthalten. W\u00e4hlen Sie sie aus und l\u00f6schen Sie sie.<\/p><h3>F\u00fcr weitere Informationen \u00fcber Cookies<\/h3><p>Die Betreibergesellschaft l\u00e4dt Sie ein, die Website der CNIL unter folgender Adresse zu konsultieren\u00a0<a href=\"https:\/\/www.cnil.fr\/fr\/cookies-les-outils-pour-les-maitriser\" target=\"_blank\" rel=\"noopener nofollow\"><em>https:\/\/www.cnil.fr\/fr\/cookies-les-outils-pour-les-maitriser<\/em><\/a><\/p><h3>Verweisung an den Verbraucher-Ombudsmann<\/h3><p>Gem\u00e4\u00df den Artikeln L. 616-1 und R. 111-1 6\u00b0 des Verbraucherschutzgesetzes hat der Kunde das Recht, sich an den Ombudsmann f\u00fcr Tourismus und Reisen zu wenden, dessen Kontaktdaten derzeit wie folgt lauten<br \/>Vermittler f\u00fcr Tourismus und Reisen,<br \/>MTV Mediation Tourismus Reisen<br \/>BP 80 303<br \/>75823 Paris Cedex 17<\/p>\t\t\t\t\t\t\t\t<\/div>\n\t\t\t\t<\/div>\n\t\t\t\t\t<\/div>\n\t\t<\/div>\n\t\t\t\t\t<\/div>\n\t\t<\/section>\n\t\t\t\t<\/div>","protected":false},"excerpt":{"rendered":"<p>Mentions l\u00e9gales Raison sociale de la soci\u00e9t\u00e9 exploitante : H\u00f4tel AalborgAdresse du si\u00e8ge social: 5 rue de t\u00eate Moute 38860 Mont-de-LansEmail : contact@aalborg-hotel.infoT\u00e9l\u00e9phone : + 33 (0)4 76 80 54 11Capital social : 76 224,51 \u20acNum\u00e9ro individuel d&rsquo;identification de TVA : FR54300642881Num\u00e9ro RCS: 300 642 881 RCS GRENOBLE\u00a0Num\u00e9ro de Siret : 300.642.881.00019Ce site est h\u00e9berg\u00e9 [&hellip;]<\/p>\n","protected":false},"author":6,"featured_media":0,"parent":0,"menu_order":1,"comment_status":"closed","ping_status":"closed","template":"","meta":{"inline_featured_image":false,"footnotes":""},"class_list":["post-745","page","type-page","status-publish","hentry"],"_links":{"self":[{"href":"https:\/\/www.aalborg-hotel.fr\/de\/wp-json\/wp\/v2\/pages\/745","targetHints":{"allow":["GET"]}}],"collection":[{"href":"https:\/\/www.aalborg-hotel.fr\/de\/wp-json\/wp\/v2\/pages"}],"about":[{"href":"https:\/\/www.aalborg-hotel.fr\/de\/wp-json\/wp\/v2\/types\/page"}],"author":[{"embeddable":true,"href":"https:\/\/www.aalborg-hotel.fr\/de\/wp-json\/wp\/v2\/users\/6"}],"replies":[{"embeddable":true,"href":"https:\/\/www.aalborg-hotel.fr\/de\/wp-json\/wp\/v2\/comments?post=745"}],"version-history":[{"count":20,"href":"https:\/\/www.aalborg-hotel.fr\/de\/wp-json\/wp\/v2\/pages\/745\/revisions"}],"predecessor-version":[{"id":2970,"href":"https:\/\/www.aalborg-hotel.fr\/de\/wp-json\/wp\/v2\/pages\/745\/revisions\/2970"}],"wp:attachment":[{"href":"https:\/\/www.aalborg-hotel.fr\/de\/wp-json\/wp\/v2\/media?parent=745"}],"curies":[{"name":"wp","href":"https:\/\/api.w.org\/{rel}","templated":true}]}}